{"id":107,"date":"2024-04-30T16:01:58","date_gmt":"2024-04-30T16:01:58","guid":{"rendered":"https:\/\/www.bugnion.org\/~denis\/cecheki\/?page_id=107"},"modified":"2026-04-15T17:36:41","modified_gmt":"2026-04-15T17:36:41","slug":"chorales","status":"publish","type":"page","link":"https:\/\/www.montreuilsousvoix.fr\/index.php\/chorales\/","title":{"rendered":"Chorales"},"content":{"rendered":"<p>Cette ann\u00e9e,&nbsp; <strong>35 chorales<\/strong> participantes qui vont vous r\u00e9galer les oreilles tout au long de la rue du Capitaine Dreyfus et les rues ou places adjacentes !<\/p>\n<ul>\n<li><a title=\"A TOUT BOUT DE CHANT\" href=\"https:\/\/www.montreuilsousvoix.fr\/index.php\/chorales\/a-tout-bout-de-chant\/\">A tout bout de chant<\/a><\/li>\n<li><a title=\"BALKAN CHORALE\" href=\"https:\/\/www.montreuilsousvoix.fr\/index.php\/chorales\/balkan-chorale\/\">Balkan Chorale<\/a><\/li>\n<li><a href=\"\/index.php\/chorales\/caravane-la-vida\/\">Caravane La Vida<\/a><\/li>\n<li><a href=\"\/index.php\/chorales\/cecheki\/\">C\u00e9ch\u00e8ki<\/a><\/li>\n<li><a href=\"\/index.php\/chorales\/chante-a-bajo\/\">Chante \u00e0 Bajo<\/a><\/li>\n<li><a title=\"CHOEUR DE L\u2019EMIGRATION\" href=\"https:\/\/www.montreuilsousvoix.fr\/index.php\/chorales\/choeur-de-lemigration\/\">Ch\u0153ur de l&rsquo;\u00e9migration<\/a><\/li>\n<li><a title=\"CHOEUR DE VNR\" href=\"https:\/\/www.montreuilsousvoix.fr\/index.php\/chorales\/choeur-de-vnr\/\">Ch\u0153ur de VNR<\/a><\/li>\n<li><a title=\"CHOEUR GOSPEL DE VINCENNES\" href=\"https:\/\/www.montreuilsousvoix.fr\/index.php\/chorales\/choeur-gospel-de-vincennes\/\">Choeur Gospel de Vincennes<\/a><\/li>\n<li><a title=\"CHOEUR IC\u00d4NE\" href=\"https:\/\/www.montreuilsousvoix.fr\/index.php\/chorales\/choeur-icone\/\">Ch\u0153ur Ic\u00f4ne<\/a><\/li>\n<li><a title=\"CHOEUR POPULAIRE DE SAINT DENIS\" href=\"https:\/\/www.montreuilsousvoix.fr\/index.php\/chorales\/choeur-populaire-de-saint-denis\/\">Choeur populaire de Seine Saint Denis<\/a><\/li>\n<li><a title=\"CHORALE CLUB\" href=\"https:\/\/www.montreuilsousvoix.fr\/index.php\/chorales\/chorale-club\/\">Chorale CLUB<\/a><\/li>\n<li><a title=\"CHORALE D\u2019ICI OU D\u2019AILLEURS\" href=\"https:\/\/www.montreuilsousvoix.fr\/index.php\/chorales\/chorale-dici-ou-dailleurs\/\">Chorale d&rsquo;ici ou d&rsquo;ailleurs<\/a><\/li>\n<li><a href=\"\/index.php\/chorales\/chorale-de-lest-parisien-cep\/\">Chorale de l&rsquo;Est Parisien<\/a><\/li>\n<li><a href=\"\/index.php\/chorales\/chorale-pablo-neruda\/\">Chorale Pablo Neruda<\/a><\/li>\n<li><a title=\"CHORALISSIME\" href=\"https:\/\/www.montreuilsousvoix.fr\/index.php\/chorales\/choralissime\/\">Choralissime<\/a><\/li>\n<li><a title=\"COUVRE-FOLLES\" href=\"https:\/\/www.montreuilsousvoix.fr\/index.php\/chorales\/couvre-folles\/\">Couvre-folles<\/a><\/li>\n<li><a title=\"ELHANE BLADI\" href=\"https:\/\/www.montreuilsousvoix.fr\/index.php\/chorales\/elhane-bladi\/\">Elhane Bladi<\/a><\/li>\n<li><a title=\"EQUIVOX\" href=\"https:\/\/www.montreuilsousvoix.fr\/index.php\/chorales\/equivox\/\">Equivox<\/a><\/li>\n<li><a title=\"ET SI ON CHANTAIT ?\" href=\"https:\/\/www.montreuilsousvoix.fr\/index.php\/chorales\/et-si-on-chantait\/\">Et si on chantait<\/a><\/li>\n<li><a title=\"GRANITA RED LOVE\" href=\"https:\/\/www.montreuilsousvoix.fr\/index.php\/chorales\/granita-red-love\/\">Granita Redlove<\/a><\/li>\n<li><a title=\"IL ETAIT UNE VOIX DANS L\u2019EST\" href=\"https:\/\/www.montreuilsousvoix.fr\/index.php\/chorales\/il-etait-une-voix-dans-lest\/\">Il \u00e9tait une Voix dans l&rsquo;Est<\/a><\/li>\n<li><a title=\"L\u2019ECHO R\u00c2LEUR\" href=\"https:\/\/www.montreuilsousvoix.fr\/index.php\/chorales\/lecho-raleur\/\">L\u2019Echo r\u00e2leur<\/a><\/li>\n<li><a href=\"\/index.php\/chorales\/la-criee\/\">La Cri\u00e9e<\/a><\/li>\n<li><a href=\"\/index.php\/chorales\/le-choeur-de-louise\/\">Le Coeur de Louise<\/a><\/li>\n<li><a title=\"LES ATELIERS HARMONIQUES\" href=\"https:\/\/www.montreuilsousvoix.fr\/index.php\/chorales\/les-ateliers-harmoniques\/\">Les Ateliers harmoniques<\/a><\/li>\n<li><a title=\"LES BEAUX LEAD\" href=\"https:\/\/www.montreuilsousvoix.fr\/index.php\/chorales\/les-beaux-lead\/\">Les Beaux Lead<\/a><\/li>\n<li><a title=\"Les Brigades Louise Michel\" href=\"https:\/\/www.montreuilsousvoix.fr\/index.php\/chorales\/les-brigades-louise-michel\/\">Les brigades Louise Michel<\/a><\/li>\n<li><a title=\"LES JACQUELINE\" href=\"https:\/\/www.montreuilsousvoix.fr\/index.php\/chorales\/les-jacqueline\/\">Les Jacqueline<\/a><\/li>\n<li><a href=\"\/index.php\/chorales\/les-oies-sauvages\/\">Les Oies Sauvages<\/a><\/li>\n<li><a title=\"LES TROUBLE-F\u00caTES\" href=\"https:\/\/www.montreuilsousvoix.fr\/index.php\/chorales\/les-trouble-fetes\/\">Les trouble-f\u00eates<\/a><\/li>\n<li><a href=\"\/index.php\/chorales\/les-voix-de-montreuil\/\">Les Voix de Montreuil<\/a><\/li>\n<li><a title=\"MUSICA NOUE\" href=\"https:\/\/www.montreuilsousvoix.fr\/index.php\/chorales\/musica-noue\/\">Musica Noue<\/a><\/li>\n<li><a title=\"POP CHORALE\" href=\"https:\/\/www.montreuilsousvoix.fr\/index.php\/chorales\/pop-house-choir\/\">Pop Chorale<\/a><\/li>\n<li><a title=\"POT POUR RIRE\" href=\"https:\/\/www.montreuilsousvoix.fr\/index.php\/chorales\/pot-pour-rire\/\">Pot-Pour-Rire<\/a><\/li>\n<li><a href=\"\/index.php\/chorales\/toujours-les-memes\/\">Toujours Les M\u00eames<\/a><\/li>\n<\/ul>\n<p>&nbsp;<\/p>\n<p><strong>Programme tr\u00e8s vite !!!<\/strong><\/p>\n<p>&nbsp;<\/p>\n<p>&nbsp;<\/p>\n<pre class=\"wp-block-image size-full\">Ce festival est organis\u00e9 par l'association des commer\u00e7ants du <a href=\"https:\/\/www.facebook.com\/coeurdemontreuil\/\" target=\"_blank\" rel=\"noopener\">Coeur de Montreuil<\/a> <img loading=\"lazy\" decoding=\"async\" class=\"alignnone wp-image-239\" src=\"https:\/\/www.montreuilsousvoix.fr\/wp-content\/uploads\/2024\/05\/CoeurDeMontreuil-logo-300x300.jpg\" sizes=\"auto, (max-width: 24px) 100vw, 24px\" srcset=\"\/wp-content\/uploads\/2024\/05\/CoeurDeMontreuil-logo-300x300.jpg 300w,\/wp-content\/uploads\/2024\/05\/CoeurDeMontreuil-logo-150x150.jpg 150w,\/wp-content\/uploads\/2024\/05\/CoeurDeMontreuil-logo.jpg 545w\" alt=\"\" width=\"20\" height=\"20\"> et <a href=\"http:\/\/choralececheki.free.fr\/\" target=\"_blank\" rel=\"noopener\">l'association C\u00e9ch\u00e8ki<\/a> <img loading=\"lazy\" decoding=\"async\" class=\"alignnone wp-image-240\" src=\"https:\/\/www.montreuilsousvoix.fr\/wp-content\/uploads\/2024\/05\/cecheki_rouge-300x133.png\" sizes=\"auto, (max-width: 54px) 100vw, 54px\" srcset=\"\/wp-content\/uploads\/2024\/05\/cecheki_rouge-300x133.png 300w,\/wp-content\/uploads\/2024\/05\/cecheki_rouge.png 687w\" alt=\"\" width=\"45\" height=\"20\"> avec le soutien de b\u00e9n\u00e9voles de chorales montreuilloises ou d'ailleurs et de la municipalit\u00e9 de <a href=\"https:\/\/www.montreuil.fr\/\" target=\"_blank\" rel=\"noopener\">Montreuil<\/a> <img loading=\"lazy\" decoding=\"async\" class=\"alignnone wp-image-285\" src=\"https:\/\/www.montreuilsousvoix.fr\/wp-content\/uploads\/2024\/05\/MairieMontreuil-logo-300x247.jpg\" sizes=\"auto, (max-width: 24px) 100vw, 24px\" srcset=\"https:\/\/www.montreuilsousvoix.fr\/wp-content\/uploads\/2024\/05\/MairieMontreuil-logo-300x247.jpg 300w, https:\/\/www.montreuilsousvoix.fr\/wp-content\/uploads\/2024\/05\/MairieMontreuil-logo.jpg 600w\" alt=\"\" width=\"24\" height=\"20\">.<\/pre>\n","protected":false},"excerpt":{"rendered":"<p>Cette ann\u00e9e,&nbsp; 35 chorales participantes qui vont vous r\u00e9galer les oreilles tout au long de la rue du Capitaine Dreyfus et les rues ou places adjacentes ! A tout bout de chant Balkan Chorale Caravane La Vida C\u00e9ch\u00e8ki Chante \u00e0 Bajo Ch\u0153ur de l&rsquo;\u00e9migration Ch\u0153ur de VNR Choeur Gospel de Vincennes Ch\u0153ur Ic\u00f4ne Choeur populaire &hellip; <a href=\"https:\/\/www.montreuilsousvoix.fr\/index.php\/chorales\/\" class=\"more-link\">Continuer la lecture de <span class=\"screen-reader-text\">Chorales<\/span><\/a><\/p>\n","protected":false},"author":3,"featured_media":0,"parent":0,"menu_order":1,"comment_status":"closed","ping_status":"closed","template":"","meta":{"ngg_post_thumbnail":0,"footnotes":""},"class_list":["post-107","page","type-page","status-publish","hentry"],"aioseo_notices":[],"_links":{"self":[{"href":"https:\/\/www.montreuilsousvoix.fr\/index.php\/wp-json\/wp\/v2\/pages\/107","targetHints":{"allow":["GET"]}}],"collection":[{"href":"https:\/\/www.montreuilsousvoix.fr\/index.php\/wp-json\/wp\/v2\/pages"}],"about":[{"href":"https:\/\/www.montreuilsousvoix.fr\/index.php\/wp-json\/wp\/v2\/types\/page"}],"author":[{"embeddable":true,"href":"https:\/\/www.montreuilsousvoix.fr\/index.php\/wp-json\/wp\/v2\/users\/3"}],"replies":[{"embeddable":true,"href":"https:\/\/www.montreuilsousvoix.fr\/index.php\/wp-json\/wp\/v2\/comments?post=107"}],"version-history":[{"count":27,"href":"https:\/\/www.montreuilsousvoix.fr\/index.php\/wp-json\/wp\/v2\/pages\/107\/revisions"}],"predecessor-version":[{"id":807,"href":"https:\/\/www.montreuilsousvoix.fr\/index.php\/wp-json\/wp\/v2\/pages\/107\/revisions\/807"}],"wp:attachment":[{"href":"https:\/\/www.montreuilsousvoix.fr\/index.php\/wp-json\/wp\/v2\/media?parent=107"}],"curies":[{"name":"wp","href":"https:\/\/api.w.org\/{rel}","templated":true}]}}