{"id":155,"date":"2024-05-02T12:16:37","date_gmt":"2024-05-02T12:16:37","guid":{"rendered":"https:\/\/www.bugnion.org\/~denis\/cecheki\/?page_id=155"},"modified":"2025-05-23T11:20:10","modified_gmt":"2025-05-23T11:20:10","slug":"cecheki","status":"publish","type":"page","link":"https:\/\/www.montreuilsousvoix.fr\/index.php\/chorales\/cecheki\/","title":{"rendered":"C\u00c9CH\u00c8KI"},"content":{"rendered":"<p><strong>St\u00e9phanie Barbarou<\/strong> (24 choristes)<br \/>\n<strong>Compositions originales et quelques reprises pas assez connues !<\/strong><\/p>\n<p><img loading=\"lazy\" decoding=\"async\" class=\"wp-image-31 alignright\" src=\"https:\/\/www.bugnion.org\/~denis\/cecheki\/wp-content\/uploads\/2024\/04\/Cecheki-MSV2023-1-300x225.jpeg\" alt=\"\" width=\"359\" height=\"270\" srcset=\"https:\/\/www.montreuilsousvoix.fr\/wp-content\/uploads\/2024\/04\/Cecheki-MSV2023-1-300x225.jpeg 300w, https:\/\/www.montreuilsousvoix.fr\/wp-content\/uploads\/2024\/04\/Cecheki-MSV2023-1-1024x768.jpeg 1024w, https:\/\/www.montreuilsousvoix.fr\/wp-content\/uploads\/2024\/04\/Cecheki-MSV2023-1-768x576.jpeg 768w, https:\/\/www.montreuilsousvoix.fr\/wp-content\/uploads\/2024\/04\/Cecheki-MSV2023-1-1536x1152.jpeg 1536w, https:\/\/www.montreuilsousvoix.fr\/wp-content\/uploads\/2024\/04\/Cecheki-MSV2023-1.jpeg 1600w\" sizes=\"auto, (max-width: 359px) 100vw, 359px\" \/>Quelques chansons tendres mais aussi beaucoup de chants engag\u00e9s, de mots de col\u00e8res, d\u2019invectives corrosives car elles, ils ne veulent pas garder tout pour eux alors, ils, elles pr\u00e9f\u00e8rent les chanter.<\/p>\n<p><a href=\"http:\/\/choralececheki.free.fr\/\" target=\"_blank\" rel=\"noopener\">http:\/\/choralececheki.free.fr\/<\/a><\/p>\n<p><a href=\"https:\/\/www.facebook.com\/profile.php?id=61574567987850\" target=\"_blank\" rel=\"noopener\">Page facebook<\/a><\/p>\n<p><img loading=\"lazy\" decoding=\"async\" class=\"size-medium wp-image-30 aligncenter\" src=\"https:\/\/www.bugnion.org\/~denis\/cecheki\/wp-content\/uploads\/2024\/04\/Cecheki-Logo-1-300x114.jpg\" alt=\"\" width=\"300\" height=\"114\" srcset=\"https:\/\/www.montreuilsousvoix.fr\/wp-content\/uploads\/2024\/04\/Cecheki-Logo-1-300x114.jpg 300w, https:\/\/www.montreuilsousvoix.fr\/wp-content\/uploads\/2024\/04\/Cecheki-Logo-1.jpg 549w\" sizes=\"auto, (max-width: 300px) 100vw, 300px\" \/><\/p>\n","protected":false},"excerpt":{"rendered":"<p>St\u00e9phanie Barbarou (24 choristes) Compositions originales et quelques reprises pas assez connues ! Quelques chansons tendres mais aussi beaucoup de chants engag\u00e9s, de mots de col\u00e8res, d\u2019invectives corrosives car elles, ils ne veulent pas garder tout pour eux alors, ils, elles pr\u00e9f\u00e8rent les chanter. http:\/\/choralececheki.free.fr\/ Page facebook<\/p>\n","protected":false},"author":3,"featured_media":0,"parent":107,"menu_order":1,"comment_status":"closed","ping_status":"closed","template":"","meta":{"ngg_post_thumbnail":0,"footnotes":""},"class_list":["post-155","page","type-page","status-publish","hentry"],"aioseo_notices":[],"_links":{"self":[{"href":"https:\/\/www.montreuilsousvoix.fr\/index.php\/wp-json\/wp\/v2\/pages\/155","targetHints":{"allow":["GET"]}}],"collection":[{"href":"https:\/\/www.montreuilsousvoix.fr\/index.php\/wp-json\/wp\/v2\/pages"}],"about":[{"href":"https:\/\/www.montreuilsousvoix.fr\/index.php\/wp-json\/wp\/v2\/types\/page"}],"author":[{"embeddable":true,"href":"https:\/\/www.montreuilsousvoix.fr\/index.php\/wp-json\/wp\/v2\/users\/3"}],"replies":[{"embeddable":true,"href":"https:\/\/www.montreuilsousvoix.fr\/index.php\/wp-json\/wp\/v2\/comments?post=155"}],"version-history":[{"count":3,"href":"https:\/\/www.montreuilsousvoix.fr\/index.php\/wp-json\/wp\/v2\/pages\/155\/revisions"}],"predecessor-version":[{"id":550,"href":"https:\/\/www.montreuilsousvoix.fr\/index.php\/wp-json\/wp\/v2\/pages\/155\/revisions\/550"}],"up":[{"embeddable":true,"href":"https:\/\/www.montreuilsousvoix.fr\/index.php\/wp-json\/wp\/v2\/pages\/107"}],"wp:attachment":[{"href":"https:\/\/www.montreuilsousvoix.fr\/index.php\/wp-json\/wp\/v2\/media?parent=155"}],"curies":[{"name":"wp","href":"https:\/\/api.w.org\/{rel}","templated":true}]}}