{"id":168,"date":"2024-05-02T12:25:08","date_gmt":"2024-05-02T12:25:08","guid":{"rendered":"https:\/\/www.bugnion.org\/~denis\/cecheki\/?page_id=168"},"modified":"2025-05-23T08:04:55","modified_gmt":"2025-05-23T08:04:55","slug":"chorale-dici-ou-dailleurs","status":"publish","type":"page","link":"https:\/\/www.montreuilsousvoix.fr\/index.php\/chorales\/chorale-dici-ou-dailleurs\/","title":{"rendered":"CHORALE D\u2019ICI OU D\u2019AILLEURS"},"content":{"rendered":"<p><strong>Jo\u00eblle Filippi<\/strong> (30 choristes)<br \/>\n<strong>Chants du monde ; musiques actuelles ; chansons fran\u00e7aises \u00e0 texte<\/strong><\/p>\n<p><img loading=\"lazy\" decoding=\"async\" class=\" wp-image-50 aligncenter\" src=\"https:\/\/www.bugnion.org\/~denis\/cecheki\/wp-content\/uploads\/2024\/04\/ChoraleDiciDailleurs-2-300x78.jpg\" alt=\"\" width=\"485\" height=\"126\" srcset=\"https:\/\/www.montreuilsousvoix.fr\/wp-content\/uploads\/2024\/04\/ChoraleDiciDailleurs-2-300x78.jpg 300w, https:\/\/www.montreuilsousvoix.fr\/wp-content\/uploads\/2024\/04\/ChoraleDiciDailleurs-2-768x200.jpg 768w, https:\/\/www.montreuilsousvoix.fr\/wp-content\/uploads\/2024\/04\/ChoraleDiciDailleurs-2.jpg 800w\" sizes=\"auto, (max-width: 485px) 100vw, 485px\" \/>Chorale amateure o\u00f9 le plaisir de chanter de chanter permet un voyage au gr\u00e8s des chants rencontr\u00e9s qu\u2019ils soient d\u2019ici ou d\u2019ailleurs.<\/p>\n<p><a href=\"https:\/\/choralemontreuil.wordpress.com\/\" target=\"_blank\" rel=\"noopener\">https:\/\/choralemontreuil.wordpress.com\/<\/a><\/p>\n","protected":false},"excerpt":{"rendered":"<p>Jo\u00eblle Filippi (30 choristes) Chants du monde ; musiques actuelles ; chansons fran\u00e7aises \u00e0 texte Chorale amateure o\u00f9 le plaisir de chanter de chanter permet un voyage au gr\u00e8s des chants rencontr\u00e9s qu\u2019ils soient d\u2019ici ou d\u2019ailleurs. https:\/\/choralemontreuil.wordpress.com\/<\/p>\n","protected":false},"author":3,"featured_media":0,"parent":107,"menu_order":1,"comment_status":"closed","ping_status":"closed","template":"","meta":{"ngg_post_thumbnail":0,"footnotes":""},"class_list":["post-168","page","type-page","status-publish","hentry"],"aioseo_notices":[],"_links":{"self":[{"href":"https:\/\/www.montreuilsousvoix.fr\/index.php\/wp-json\/wp\/v2\/pages\/168","targetHints":{"allow":["GET"]}}],"collection":[{"href":"https:\/\/www.montreuilsousvoix.fr\/index.php\/wp-json\/wp\/v2\/pages"}],"about":[{"href":"https:\/\/www.montreuilsousvoix.fr\/index.php\/wp-json\/wp\/v2\/types\/page"}],"author":[{"embeddable":true,"href":"https:\/\/www.montreuilsousvoix.fr\/index.php\/wp-json\/wp\/v2\/users\/3"}],"replies":[{"embeddable":true,"href":"https:\/\/www.montreuilsousvoix.fr\/index.php\/wp-json\/wp\/v2\/comments?post=168"}],"version-history":[{"count":3,"href":"https:\/\/www.montreuilsousvoix.fr\/index.php\/wp-json\/wp\/v2\/pages\/168\/revisions"}],"predecessor-version":[{"id":476,"href":"https:\/\/www.montreuilsousvoix.fr\/index.php\/wp-json\/wp\/v2\/pages\/168\/revisions\/476"}],"up":[{"embeddable":true,"href":"https:\/\/www.montreuilsousvoix.fr\/index.php\/wp-json\/wp\/v2\/pages\/107"}],"wp:attachment":[{"href":"https:\/\/www.montreuilsousvoix.fr\/index.php\/wp-json\/wp\/v2\/media?parent=168"}],"curies":[{"name":"wp","href":"https:\/\/api.w.org\/{rel}","templated":true}]}}