{"id":437,"date":"2025-05-03T16:48:58","date_gmt":"2025-05-03T16:48:58","guid":{"rendered":"https:\/\/www.montreuilsousvoix.fr\/?page_id=437"},"modified":"2026-04-22T15:04:15","modified_gmt":"2026-04-22T15:04:15","slug":"et-si-on-chantait","status":"publish","type":"page","link":"https:\/\/www.montreuilsousvoix.fr\/index.php\/chorales\/et-si-on-chantait\/","title":{"rendered":"ET SI ON CHANTAIT ?"},"content":{"rendered":"<p><strong>Martineke Kooistra <\/strong>(55 \u00e0 60 choristes)<br \/>\n<strong>Pop, Folk, Chansons<\/strong><\/p>\n<p><img loading=\"lazy\" decoding=\"async\" class=\"wp-image-425 alignright\" src=\"https:\/\/www.montreuilsousvoix.fr\/wp-content\/uploads\/2025\/05\/MSV2025-Et-si-on-chantait-1024x576.jpg\" alt=\"\" width=\"345\" height=\"194\" srcset=\"https:\/\/www.montreuilsousvoix.fr\/wp-content\/uploads\/2025\/05\/MSV2025-Et-si-on-chantait-1024x576.jpg 1024w, https:\/\/www.montreuilsousvoix.fr\/wp-content\/uploads\/2025\/05\/MSV2025-Et-si-on-chantait-300x169.jpg 300w, https:\/\/www.montreuilsousvoix.fr\/wp-content\/uploads\/2025\/05\/MSV2025-Et-si-on-chantait-768x432.jpg 768w, https:\/\/www.montreuilsousvoix.fr\/wp-content\/uploads\/2025\/05\/MSV2025-Et-si-on-chantait-1536x864.jpg 1536w, https:\/\/www.montreuilsousvoix.fr\/wp-content\/uploads\/2025\/05\/MSV2025-Et-si-on-chantait.jpg 1920w\" sizes=\"auto, (max-width: 345px) 100vw, 345px\" \/><\/p>\n<p>La chorale \u00ab\u00a0<strong>Et si on chantait ?<\/strong>\u00a0\u00bb est une chorale de Romainville qui a vue le jour en 2019<br \/>\nAu r\u00e9pertoire on trouve de la pop anglaise et am\u00e9ricaine, folk, chansons fran\u00e7aise, com\u00e9die musicale &#8230; e.a<br \/>\nCette ann\u00e9e on jouera Supertramp, Beatles, Queen, Mecano, Zaho de Sagazan &#8230;<\/p>\n<p>Depuis la chorale grandit tout les sens du terme et fait son chemin musical et humain.<\/p>\n","protected":false},"excerpt":{"rendered":"<p>Martineke Kooistra (55 \u00e0 60 choristes) Pop, Folk, Chansons La chorale \u00ab\u00a0Et si on chantait ?\u00a0\u00bb est une chorale de Romainville qui a vue le jour en 2019 Au r\u00e9pertoire on trouve de la pop anglaise et am\u00e9ricaine, folk, chansons fran\u00e7aise, com\u00e9die musicale &#8230; e.a Cette ann\u00e9e on jouera Supertramp, Beatles, Queen, Mecano, Zaho de &hellip; <a href=\"https:\/\/www.montreuilsousvoix.fr\/index.php\/chorales\/et-si-on-chantait\/\" class=\"more-link\">Continuer la lecture de <span class=\"screen-reader-text\">ET SI ON CHANTAIT ?<\/span><\/a><\/p>\n","protected":false},"author":3,"featured_media":0,"parent":107,"menu_order":1,"comment_status":"closed","ping_status":"closed","template":"","meta":{"ngg_post_thumbnail":0,"footnotes":""},"class_list":["post-437","page","type-page","status-publish","hentry"],"aioseo_notices":[],"_links":{"self":[{"href":"https:\/\/www.montreuilsousvoix.fr\/index.php\/wp-json\/wp\/v2\/pages\/437","targetHints":{"allow":["GET"]}}],"collection":[{"href":"https:\/\/www.montreuilsousvoix.fr\/index.php\/wp-json\/wp\/v2\/pages"}],"about":[{"href":"https:\/\/www.montreuilsousvoix.fr\/index.php\/wp-json\/wp\/v2\/types\/page"}],"author":[{"embeddable":true,"href":"https:\/\/www.montreuilsousvoix.fr\/index.php\/wp-json\/wp\/v2\/users\/3"}],"replies":[{"embeddable":true,"href":"https:\/\/www.montreuilsousvoix.fr\/index.php\/wp-json\/wp\/v2\/comments?post=437"}],"version-history":[{"count":6,"href":"https:\/\/www.montreuilsousvoix.fr\/index.php\/wp-json\/wp\/v2\/pages\/437\/revisions"}],"predecessor-version":[{"id":852,"href":"https:\/\/www.montreuilsousvoix.fr\/index.php\/wp-json\/wp\/v2\/pages\/437\/revisions\/852"}],"up":[{"embeddable":true,"href":"https:\/\/www.montreuilsousvoix.fr\/index.php\/wp-json\/wp\/v2\/pages\/107"}],"wp:attachment":[{"href":"https:\/\/www.montreuilsousvoix.fr\/index.php\/wp-json\/wp\/v2\/media?parent=437"}],"curies":[{"name":"wp","href":"https:\/\/api.w.org\/{rel}","templated":true}]}}