{"id":667,"date":"2026-04-03T13:28:10","date_gmt":"2026-04-03T13:28:10","guid":{"rendered":"https:\/\/www.montreuilsousvoix.fr\/?page_id=667"},"modified":"2026-04-03T16:17:55","modified_gmt":"2026-04-03T16:17:55","slug":"balkan-chorale","status":"publish","type":"page","link":"https:\/\/www.montreuilsousvoix.fr\/index.php\/chorales\/balkan-chorale\/","title":{"rendered":"BALKAN CHORALE"},"content":{"rendered":"<p><strong>Lucia Alessi <\/strong>(10 choristes)<br \/>\n<strong>Polyphonies balkaniques<\/strong><\/p>\n<p>La <strong>Balkan Chorale<\/strong>, c&rsquo;est une chorale de cr\u00e9ation r\u00e9cente, ou les d\u00e9butants au chant ont la possibilit\u00e9 de se confronter avec du r\u00e9pertoire polyphonique aux traditions balkaniques, et appr\u00e9cier les diff\u00e9rents styles.<\/p>\n","protected":false},"excerpt":{"rendered":"<p>Lucia Alessi (10 choristes) Polyphonies balkaniques La Balkan Chorale, c&rsquo;est une chorale de cr\u00e9ation r\u00e9cente, ou les d\u00e9butants au chant ont la possibilit\u00e9 de se confronter avec du r\u00e9pertoire polyphonique aux traditions balkaniques, et appr\u00e9cier les diff\u00e9rents styles.<\/p>\n","protected":false},"author":3,"featured_media":0,"parent":107,"menu_order":1,"comment_status":"closed","ping_status":"closed","template":"","meta":{"ngg_post_thumbnail":0,"footnotes":""},"class_list":["post-667","page","type-page","status-publish","hentry"],"aioseo_notices":[],"_links":{"self":[{"href":"https:\/\/www.montreuilsousvoix.fr\/index.php\/wp-json\/wp\/v2\/pages\/667","targetHints":{"allow":["GET"]}}],"collection":[{"href":"https:\/\/www.montreuilsousvoix.fr\/index.php\/wp-json\/wp\/v2\/pages"}],"about":[{"href":"https:\/\/www.montreuilsousvoix.fr\/index.php\/wp-json\/wp\/v2\/types\/page"}],"author":[{"embeddable":true,"href":"https:\/\/www.montreuilsousvoix.fr\/index.php\/wp-json\/wp\/v2\/users\/3"}],"replies":[{"embeddable":true,"href":"https:\/\/www.montreuilsousvoix.fr\/index.php\/wp-json\/wp\/v2\/comments?post=667"}],"version-history":[{"count":3,"href":"https:\/\/www.montreuilsousvoix.fr\/index.php\/wp-json\/wp\/v2\/pages\/667\/revisions"}],"predecessor-version":[{"id":713,"href":"https:\/\/www.montreuilsousvoix.fr\/index.php\/wp-json\/wp\/v2\/pages\/667\/revisions\/713"}],"up":[{"embeddable":true,"href":"https:\/\/www.montreuilsousvoix.fr\/index.php\/wp-json\/wp\/v2\/pages\/107"}],"wp:attachment":[{"href":"https:\/\/www.montreuilsousvoix.fr\/index.php\/wp-json\/wp\/v2\/media?parent=667"}],"curies":[{"name":"wp","href":"https:\/\/api.w.org\/{rel}","templated":true}]}}