{"id":674,"date":"2026-04-03T14:20:41","date_gmt":"2026-04-03T14:20:41","guid":{"rendered":"https:\/\/www.montreuilsousvoix.fr\/?page_id=674"},"modified":"2026-04-03T16:19:25","modified_gmt":"2026-04-03T16:19:25","slug":"choeur-de-vnr","status":"publish","type":"page","link":"https:\/\/www.montreuilsousvoix.fr\/index.php\/chorales\/choeur-de-vnr\/","title":{"rendered":"CHOEUR DE VNR"},"content":{"rendered":"<p><strong>Pas de chef\u00b7fe<\/strong> (Entre 20 et 30 choristes)<br \/>\n<strong>Chants de lutte &#8211; langues r\u00e9gionales &#8211; polyphonique<\/strong><\/p>\n<p><strong>Ch\u0153ur de VNR<\/strong> est une chorale de Montreuil qui existe depuis 2018. Elle a \u00e9t\u00e9 cr\u00e9\u00e9e lors d&rsquo;un \u00e9v\u00e9nement \u00e0 la Parole Errante par un groupe de chanteureuses amateurices.<br \/>\nApr\u00e8s avoir r\u00e9p\u00e9t\u00e9 dans divers squats qui ont \u00e9t\u00e9 expuls\u00e9s les uns apr\u00e8s les autres, le groupe se r\u00e9unit maintenant \u00e0 l&rsquo;A.E.R.I, son fonctionnement est autog\u00e9r\u00e9.<br \/>\nLes v\u00e9n\u00e8res se produisent de fa\u00e7on gratuite lors d&rsquo;\u00e9v\u00e9nements militants vari\u00e9s tels que la d\u00e9fense des squats, l&rsquo;\u00e9cologie ou le f\u00e9minisme.<\/p>\n<p>&nbsp;<\/p>\n","protected":false},"excerpt":{"rendered":"<p>Pas de chef\u00b7fe (Entre 20 et 30 choristes) Chants de lutte &#8211; langues r\u00e9gionales &#8211; polyphonique Ch\u0153ur de VNR est une chorale de Montreuil qui existe depuis 2018. Elle a \u00e9t\u00e9 cr\u00e9\u00e9e lors d&rsquo;un \u00e9v\u00e9nement \u00e0 la Parole Errante par un groupe de chanteureuses amateurices. Apr\u00e8s avoir r\u00e9p\u00e9t\u00e9 dans divers squats qui ont \u00e9t\u00e9 expuls\u00e9s &hellip; <a href=\"https:\/\/www.montreuilsousvoix.fr\/index.php\/chorales\/choeur-de-vnr\/\" class=\"more-link\">Continuer la lecture de <span class=\"screen-reader-text\">CHOEUR DE VNR<\/span><\/a><\/p>\n","protected":false},"author":3,"featured_media":0,"parent":107,"menu_order":1,"comment_status":"closed","ping_status":"closed","template":"","meta":{"ngg_post_thumbnail":0,"footnotes":""},"class_list":["post-674","page","type-page","status-publish","hentry"],"aioseo_notices":[],"_links":{"self":[{"href":"https:\/\/www.montreuilsousvoix.fr\/index.php\/wp-json\/wp\/v2\/pages\/674","targetHints":{"allow":["GET"]}}],"collection":[{"href":"https:\/\/www.montreuilsousvoix.fr\/index.php\/wp-json\/wp\/v2\/pages"}],"about":[{"href":"https:\/\/www.montreuilsousvoix.fr\/index.php\/wp-json\/wp\/v2\/types\/page"}],"author":[{"embeddable":true,"href":"https:\/\/www.montreuilsousvoix.fr\/index.php\/wp-json\/wp\/v2\/users\/3"}],"replies":[{"embeddable":true,"href":"https:\/\/www.montreuilsousvoix.fr\/index.php\/wp-json\/wp\/v2\/comments?post=674"}],"version-history":[{"count":3,"href":"https:\/\/www.montreuilsousvoix.fr\/index.php\/wp-json\/wp\/v2\/pages\/674\/revisions"}],"predecessor-version":[{"id":715,"href":"https:\/\/www.montreuilsousvoix.fr\/index.php\/wp-json\/wp\/v2\/pages\/674\/revisions\/715"}],"up":[{"embeddable":true,"href":"https:\/\/www.montreuilsousvoix.fr\/index.php\/wp-json\/wp\/v2\/pages\/107"}],"wp:attachment":[{"href":"https:\/\/www.montreuilsousvoix.fr\/index.php\/wp-json\/wp\/v2\/media?parent=674"}],"curies":[{"name":"wp","href":"https:\/\/api.w.org\/{rel}","templated":true}]}}