{"id":692,"date":"2026-04-03T16:04:59","date_gmt":"2026-04-03T16:04:59","guid":{"rendered":"https:\/\/www.montreuilsousvoix.fr\/?page_id=692"},"modified":"2026-04-04T14:36:43","modified_gmt":"2026-04-04T14:36:43","slug":"a-tout-bout-de-chant","status":"publish","type":"page","link":"https:\/\/www.montreuilsousvoix.fr\/index.php\/chorales\/a-tout-bout-de-chant\/","title":{"rendered":"A TOUT BOUT DE CHANT"},"content":{"rendered":"<p><strong>Margherita Trefoloni<\/strong> (18 choristes)<br \/>\n<strong>Chants polyphoniques italiens<\/strong><\/p>\n<p><img loading=\"lazy\" decoding=\"async\" class=\" wp-image-700 alignright\" src=\"https:\/\/www.montreuilsousvoix.fr\/wp-content\/uploads\/2026\/04\/Atoutboutde-chant-photo-300x300.jpg\" alt=\"\" width=\"322\" height=\"322\" srcset=\"https:\/\/www.montreuilsousvoix.fr\/wp-content\/uploads\/2026\/04\/Atoutboutde-chant-photo-300x300.jpg 300w, https:\/\/www.montreuilsousvoix.fr\/wp-content\/uploads\/2026\/04\/Atoutboutde-chant-photo-1024x1024.jpg 1024w, https:\/\/www.montreuilsousvoix.fr\/wp-content\/uploads\/2026\/04\/Atoutboutde-chant-photo-150x150.jpg 150w, https:\/\/www.montreuilsousvoix.fr\/wp-content\/uploads\/2026\/04\/Atoutboutde-chant-photo-768x768.jpg 768w, https:\/\/www.montreuilsousvoix.fr\/wp-content\/uploads\/2026\/04\/Atoutboutde-chant-photo.jpg 1200w\" sizes=\"auto, (max-width: 322px) 100vw, 322px\" \/><strong>\u00c0 tout bout de chant<\/strong> est un ch\u0153ur de femmes cr\u00e9\u00e9 en 1995 et dirig\u00e9 depuis 2011 par Margherita Trefoloni. Notre choeur est passionn\u00e9 par les chants polyphoniques, chants de femmes, chants de lutte et chants sacr\u00e9s.\u2028Ceux-ci sont li\u00e9s \u00e0 un rituel ou \u00e0 une fonction comme celle d\u2019accompagner les gestes du travail, de partager les douleurs et les espoirs de l&rsquo;exil, de s\u00e9duire sa ou son bien-aim\u00e9.e&#8230; Transmis de bouche \u00e0 oreille, leurs timbres continuent \u00e0 faire vivre la culture populaire. Au-del\u00e0 de la beaut\u00e9 et de l&rsquo;\u00e9motion qui s\u2019en d\u00e9gagent, ces chants venant des diff\u00e9rentes r\u00e9gions d&rsquo;Italie sont d&rsquo;une grande diversit\u00e9 linguistique et portent une grande richesse culturelle. \u00c0 tout bout de chant aime cr\u00e9er des occasions de rencontre avec le public, des temps de partage et d&rsquo;enrichissement de pratique avec d\u2019autres artistes, professionnel\u00b7le\u00b7s ou amateur\u00b7rice\u00b7s.<\/p>\n<p><a href=\"https:\/\/www.facebook.com\/profile.php?id=100068749415137\" target=\"_blank\" rel=\"noopener\">Page Facebook A Tout Bout de Chant<\/a><br \/>\n<a href=\"https:\/\/www.instagram.com\/atbcparis18?igsh=MWxpOHdtNmJhZTBreQ==\" target=\"_blank\" rel=\"noopener\">PAge Instagram A Tout Bout de Chant<\/a><\/p>\n<p><img loading=\"lazy\" decoding=\"async\" class=\"size-medium wp-image-701 aligncenter\" src=\"https:\/\/www.montreuilsousvoix.fr\/wp-content\/uploads\/2026\/04\/Atoutboutde-chant-logo-276x300.gif\" alt=\"\" width=\"276\" height=\"300\" srcset=\"https:\/\/www.montreuilsousvoix.fr\/wp-content\/uploads\/2026\/04\/Atoutboutde-chant-logo-276x300.gif 276w, https:\/\/www.montreuilsousvoix.fr\/wp-content\/uploads\/2026\/04\/Atoutboutde-chant-logo-943x1024.gif 943w, https:\/\/www.montreuilsousvoix.fr\/wp-content\/uploads\/2026\/04\/Atoutboutde-chant-logo-768x834.gif 768w, https:\/\/www.montreuilsousvoix.fr\/wp-content\/uploads\/2026\/04\/Atoutboutde-chant-logo-1415x1536.gif 1415w\" sizes=\"auto, (max-width: 276px) 100vw, 276px\" \/><\/p>\n","protected":false},"excerpt":{"rendered":"<p>Margherita Trefoloni (18 choristes) Chants polyphoniques italiens \u00c0 tout bout de chant est un ch\u0153ur de femmes cr\u00e9\u00e9 en 1995 et dirig\u00e9 depuis 2011 par Margherita Trefoloni. Notre choeur est passionn\u00e9 par les chants polyphoniques, chants de femmes, chants de lutte et chants sacr\u00e9s.\u2028Ceux-ci sont li\u00e9s \u00e0 un rituel ou \u00e0 une fonction comme celle &hellip; <a href=\"https:\/\/www.montreuilsousvoix.fr\/index.php\/chorales\/a-tout-bout-de-chant\/\" class=\"more-link\">Continuer la lecture de <span class=\"screen-reader-text\">A TOUT BOUT DE CHANT<\/span><\/a><\/p>\n","protected":false},"author":3,"featured_media":0,"parent":107,"menu_order":1,"comment_status":"closed","ping_status":"closed","template":"","meta":{"ngg_post_thumbnail":0,"footnotes":""},"class_list":["post-692","page","type-page","status-publish","hentry"],"aioseo_notices":[],"_links":{"self":[{"href":"https:\/\/www.montreuilsousvoix.fr\/index.php\/wp-json\/wp\/v2\/pages\/692","targetHints":{"allow":["GET"]}}],"collection":[{"href":"https:\/\/www.montreuilsousvoix.fr\/index.php\/wp-json\/wp\/v2\/pages"}],"about":[{"href":"https:\/\/www.montreuilsousvoix.fr\/index.php\/wp-json\/wp\/v2\/types\/page"}],"author":[{"embeddable":true,"href":"https:\/\/www.montreuilsousvoix.fr\/index.php\/wp-json\/wp\/v2\/users\/3"}],"replies":[{"embeddable":true,"href":"https:\/\/www.montreuilsousvoix.fr\/index.php\/wp-json\/wp\/v2\/comments?post=692"}],"version-history":[{"count":4,"href":"https:\/\/www.montreuilsousvoix.fr\/index.php\/wp-json\/wp\/v2\/pages\/692\/revisions"}],"predecessor-version":[{"id":768,"href":"https:\/\/www.montreuilsousvoix.fr\/index.php\/wp-json\/wp\/v2\/pages\/692\/revisions\/768"}],"up":[{"embeddable":true,"href":"https:\/\/www.montreuilsousvoix.fr\/index.php\/wp-json\/wp\/v2\/pages\/107"}],"wp:attachment":[{"href":"https:\/\/www.montreuilsousvoix.fr\/index.php\/wp-json\/wp\/v2\/media?parent=692"}],"curies":[{"name":"wp","href":"https:\/\/api.w.org\/{rel}","templated":true}]}}