{"id":716,"date":"2026-04-03T16:21:36","date_gmt":"2026-04-03T16:21:36","guid":{"rendered":"https:\/\/www.montreuilsousvoix.fr\/?page_id=716"},"modified":"2026-04-04T15:29:56","modified_gmt":"2026-04-04T15:29:56","slug":"choeur-icone","status":"publish","type":"page","link":"https:\/\/www.montreuilsousvoix.fr\/index.php\/chorales\/choeur-icone\/","title":{"rendered":"CHOEUR IC\u00d4NE"},"content":{"rendered":"<p><strong>Yann Cou\u00e9cou<\/strong> (45 choristes)<br \/>\n<strong>Pop et chanson fran\u00e7aise<\/strong><\/p>\n<p>Le <strong>ch\u0153ur Ic\u00f4ne<\/strong> f\u00eate ses vingt ans cette saison avec un r\u00e9pertoire sp\u00e9cial compos\u00e9 de tubes fran\u00e7ais et internationaux.<\/p>\n","protected":false},"excerpt":{"rendered":"<p>Yann Cou\u00e9cou (45 choristes) Pop et chanson fran\u00e7aise Le ch\u0153ur Ic\u00f4ne f\u00eate ses vingt ans cette saison avec un r\u00e9pertoire sp\u00e9cial compos\u00e9 de tubes fran\u00e7ais et internationaux.<\/p>\n","protected":false},"author":3,"featured_media":0,"parent":107,"menu_order":1,"comment_status":"closed","ping_status":"closed","template":"","meta":{"ngg_post_thumbnail":0,"footnotes":""},"class_list":["post-716","page","type-page","status-publish","hentry"],"aioseo_notices":[],"_links":{"self":[{"href":"https:\/\/www.montreuilsousvoix.fr\/index.php\/wp-json\/wp\/v2\/pages\/716","targetHints":{"allow":["GET"]}}],"collection":[{"href":"https:\/\/www.montreuilsousvoix.fr\/index.php\/wp-json\/wp\/v2\/pages"}],"about":[{"href":"https:\/\/www.montreuilsousvoix.fr\/index.php\/wp-json\/wp\/v2\/types\/page"}],"author":[{"embeddable":true,"href":"https:\/\/www.montreuilsousvoix.fr\/index.php\/wp-json\/wp\/v2\/users\/3"}],"replies":[{"embeddable":true,"href":"https:\/\/www.montreuilsousvoix.fr\/index.php\/wp-json\/wp\/v2\/comments?post=716"}],"version-history":[{"count":2,"href":"https:\/\/www.montreuilsousvoix.fr\/index.php\/wp-json\/wp\/v2\/pages\/716\/revisions"}],"predecessor-version":[{"id":789,"href":"https:\/\/www.montreuilsousvoix.fr\/index.php\/wp-json\/wp\/v2\/pages\/716\/revisions\/789"}],"up":[{"embeddable":true,"href":"https:\/\/www.montreuilsousvoix.fr\/index.php\/wp-json\/wp\/v2\/pages\/107"}],"wp:attachment":[{"href":"https:\/\/www.montreuilsousvoix.fr\/index.php\/wp-json\/wp\/v2\/media?parent=716"}],"curies":[{"name":"wp","href":"https:\/\/api.w.org\/{rel}","templated":true}]}}