{"id":718,"date":"2026-04-03T16:25:09","date_gmt":"2026-04-03T16:25:09","guid":{"rendered":"https:\/\/www.montreuilsousvoix.fr\/?page_id=718"},"modified":"2026-04-06T13:24:45","modified_gmt":"2026-04-06T13:24:45","slug":"choeur-populaire-de-saint-denis","status":"publish","type":"page","link":"https:\/\/www.montreuilsousvoix.fr\/index.php\/chorales\/choeur-populaire-de-saint-denis\/","title":{"rendered":"CHOEUR POPULAIRE DE SEINE SAINT DENIS"},"content":{"rendered":"<p><strong>Sylvie Desmaele<\/strong> (15 choristes)<br \/>\n<strong>Chants de lutte et d&rsquo;\u00e9mancipation<\/strong><\/p>\n<p>Notre choeur s&rsquo;est constitu\u00e9 un r\u00e9pertoire de chants r\u00e9volutionnaires, de lutte et d&rsquo;\u00e9mancipation, d&rsquo;ici et d ailleurs.<br \/>\nCes chants racontent l histoire des hommes, leurs souffrances, leurs luttes pour la libert\u00e9, pour un monde meilleur, pour la paix.<br \/>\nCette ann\u00e9e, des chants de 1936 et des chants appelant \u00e0 la paix dans le monde.<\/p>\n","protected":false},"excerpt":{"rendered":"<p>Sylvie Desmaele (15 choristes) Chants de lutte et d&rsquo;\u00e9mancipation Notre choeur s&rsquo;est constitu\u00e9 un r\u00e9pertoire de chants r\u00e9volutionnaires, de lutte et d&rsquo;\u00e9mancipation, d&rsquo;ici et d ailleurs. Ces chants racontent l histoire des hommes, leurs souffrances, leurs luttes pour la libert\u00e9, pour un monde meilleur, pour la paix. Cette ann\u00e9e, des chants de 1936 et des &hellip; <a href=\"https:\/\/www.montreuilsousvoix.fr\/index.php\/chorales\/choeur-populaire-de-saint-denis\/\" class=\"more-link\">Continuer la lecture de <span class=\"screen-reader-text\">CHOEUR POPULAIRE DE SEINE SAINT DENIS<\/span><\/a><\/p>\n","protected":false},"author":3,"featured_media":0,"parent":107,"menu_order":1,"comment_status":"closed","ping_status":"closed","template":"","meta":{"ngg_post_thumbnail":0,"footnotes":""},"class_list":["post-718","page","type-page","status-publish","hentry"],"aioseo_notices":[],"_links":{"self":[{"href":"https:\/\/www.montreuilsousvoix.fr\/index.php\/wp-json\/wp\/v2\/pages\/718","targetHints":{"allow":["GET"]}}],"collection":[{"href":"https:\/\/www.montreuilsousvoix.fr\/index.php\/wp-json\/wp\/v2\/pages"}],"about":[{"href":"https:\/\/www.montreuilsousvoix.fr\/index.php\/wp-json\/wp\/v2\/types\/page"}],"author":[{"embeddable":true,"href":"https:\/\/www.montreuilsousvoix.fr\/index.php\/wp-json\/wp\/v2\/users\/3"}],"replies":[{"embeddable":true,"href":"https:\/\/www.montreuilsousvoix.fr\/index.php\/wp-json\/wp\/v2\/comments?post=718"}],"version-history":[{"count":2,"href":"https:\/\/www.montreuilsousvoix.fr\/index.php\/wp-json\/wp\/v2\/pages\/718\/revisions"}],"predecessor-version":[{"id":802,"href":"https:\/\/www.montreuilsousvoix.fr\/index.php\/wp-json\/wp\/v2\/pages\/718\/revisions\/802"}],"up":[{"embeddable":true,"href":"https:\/\/www.montreuilsousvoix.fr\/index.php\/wp-json\/wp\/v2\/pages\/107"}],"wp:attachment":[{"href":"https:\/\/www.montreuilsousvoix.fr\/index.php\/wp-json\/wp\/v2\/media?parent=718"}],"curies":[{"name":"wp","href":"https:\/\/api.w.org\/{rel}","templated":true}]}}