{"id":720,"date":"2026-04-03T16:28:42","date_gmt":"2026-04-03T16:28:42","guid":{"rendered":"https:\/\/www.montreuilsousvoix.fr\/?page_id=720"},"modified":"2026-04-03T16:28:42","modified_gmt":"2026-04-03T16:28:42","slug":"chorale-club","status":"publish","type":"page","link":"https:\/\/www.montreuilsousvoix.fr\/index.php\/chorales\/chorale-club\/","title":{"rendered":"CHORALE CLUB"},"content":{"rendered":"<p><strong>Gabrielle Diop<\/strong> (40 choristes)<br \/>\n<strong>Pop, festif et joyeux !<\/strong><\/p>\n<p><strong><img loading=\"lazy\" decoding=\"async\" class=\"size-medium wp-image-698 alignright\" src=\"https:\/\/www.montreuilsousvoix.fr\/wp-content\/uploads\/2026\/04\/Chorale-Club-photo-225x300.jpeg\" alt=\"\" width=\"225\" height=\"300\" srcset=\"https:\/\/www.montreuilsousvoix.fr\/wp-content\/uploads\/2026\/04\/Chorale-Club-photo-225x300.jpeg 225w, https:\/\/www.montreuilsousvoix.fr\/wp-content\/uploads\/2026\/04\/Chorale-Club-photo-768x1024.jpeg 768w, https:\/\/www.montreuilsousvoix.fr\/wp-content\/uploads\/2026\/04\/Chorale-Club-photo-1152x1536.jpeg 1152w, https:\/\/www.montreuilsousvoix.fr\/wp-content\/uploads\/2026\/04\/Chorale-Club-photo.jpeg 1536w\" sizes=\"auto, (max-width: 225px) 100vw, 225px\" \/>Chorale Club<\/strong>, c\u2019est une chorale fun et inclusive du 20e arrondissement de Paris.<br \/>\nChaque semaine, on se retrouve pour chanter, l\u00e2cher prise et partager un moment de bien-\u00eatre collectif. Avec des morceaux pop qui donnent la p\u00eache, on explore nos voix dans une ambiance joyeuse et d\u00e9complex\u00e9e.<br \/>\nPlus qu\u2019une chorale, c\u2019est une communaut\u00e9 o\u00f9 l\u2019on cr\u00e9e du lien, de l\u2019\u00e9nergie et des souvenirs.<br \/>\nIci, on chante pour le kiff\u2026 et pour se sentir bien ensemble !<\/p>\n<p><a href=\"https:\/\/www.instagram.com\/choraleclub\/\" target=\"_blank\" rel=\"noopener\">Page Instagram de Chorale Club<\/a><\/p>\n<p><img loading=\"lazy\" decoding=\"async\" class=\" wp-image-699 aligncenter\" src=\"https:\/\/www.montreuilsousvoix.fr\/wp-content\/uploads\/2026\/04\/ChoraleClub-logo-300x213.png\" alt=\"\" width=\"165\" height=\"117\" srcset=\"https:\/\/www.montreuilsousvoix.fr\/wp-content\/uploads\/2026\/04\/ChoraleClub-logo-300x213.png 300w, https:\/\/www.montreuilsousvoix.fr\/wp-content\/uploads\/2026\/04\/ChoraleClub-logo-1024x726.png 1024w, https:\/\/www.montreuilsousvoix.fr\/wp-content\/uploads\/2026\/04\/ChoraleClub-logo-768x545.png 768w, https:\/\/www.montreuilsousvoix.fr\/wp-content\/uploads\/2026\/04\/ChoraleClub-logo.png 1368w\" sizes=\"auto, (max-width: 165px) 100vw, 165px\" \/><\/p>\n","protected":false},"excerpt":{"rendered":"<p>Gabrielle Diop (40 choristes) Pop, festif et joyeux ! Chorale Club, c\u2019est une chorale fun et inclusive du 20e arrondissement de Paris. Chaque semaine, on se retrouve pour chanter, l\u00e2cher prise et partager un moment de bien-\u00eatre collectif. Avec des morceaux pop qui donnent la p\u00eache, on explore nos voix dans une ambiance joyeuse et &hellip; <a href=\"https:\/\/www.montreuilsousvoix.fr\/index.php\/chorales\/chorale-club\/\" class=\"more-link\">Continuer la lecture de <span class=\"screen-reader-text\">CHORALE CLUB<\/span><\/a><\/p>\n","protected":false},"author":3,"featured_media":0,"parent":107,"menu_order":1,"comment_status":"closed","ping_status":"closed","template":"","meta":{"ngg_post_thumbnail":0,"footnotes":""},"class_list":["post-720","page","type-page","status-publish","hentry"],"aioseo_notices":[],"_links":{"self":[{"href":"https:\/\/www.montreuilsousvoix.fr\/index.php\/wp-json\/wp\/v2\/pages\/720","targetHints":{"allow":["GET"]}}],"collection":[{"href":"https:\/\/www.montreuilsousvoix.fr\/index.php\/wp-json\/wp\/v2\/pages"}],"about":[{"href":"https:\/\/www.montreuilsousvoix.fr\/index.php\/wp-json\/wp\/v2\/types\/page"}],"author":[{"embeddable":true,"href":"https:\/\/www.montreuilsousvoix.fr\/index.php\/wp-json\/wp\/v2\/users\/3"}],"replies":[{"embeddable":true,"href":"https:\/\/www.montreuilsousvoix.fr\/index.php\/wp-json\/wp\/v2\/comments?post=720"}],"version-history":[{"count":1,"href":"https:\/\/www.montreuilsousvoix.fr\/index.php\/wp-json\/wp\/v2\/pages\/720\/revisions"}],"predecessor-version":[{"id":721,"href":"https:\/\/www.montreuilsousvoix.fr\/index.php\/wp-json\/wp\/v2\/pages\/720\/revisions\/721"}],"up":[{"embeddable":true,"href":"https:\/\/www.montreuilsousvoix.fr\/index.php\/wp-json\/wp\/v2\/pages\/107"}],"wp:attachment":[{"href":"https:\/\/www.montreuilsousvoix.fr\/index.php\/wp-json\/wp\/v2\/media?parent=720"}],"curies":[{"name":"wp","href":"https:\/\/api.w.org\/{rel}","templated":true}]}}