{"id":725,"date":"2026-04-03T16:36:17","date_gmt":"2026-04-03T16:36:17","guid":{"rendered":"https:\/\/www.montreuilsousvoix.fr\/?page_id=725"},"modified":"2026-04-03T16:36:17","modified_gmt":"2026-04-03T16:36:17","slug":"choralissime","status":"publish","type":"page","link":"https:\/\/www.montreuilsousvoix.fr\/index.php\/chorales\/choralissime\/","title":{"rendered":"CHORALISSIME"},"content":{"rendered":"<p><strong>Kim Dee<\/strong> (12 choristes)<br \/>\n<strong>Pop, soul, gospel<\/strong><\/p>\n<p><strong>Choralissime<\/strong> est une nouvelle chorale Romainvilloise port\u00e9e par Kim Dee.<br \/>\nNous chantons un r\u00e9pertoire vari\u00e9 multilingue (anglais, fran\u00e7ais, espagnol, portugais) alternant des morceaux a capella et d&rsquo;autres accompagn\u00e9s d&rsquo;une bande.<br \/>\nNous voyageons dans diff\u00e9rentes contr\u00e9es, reprenant des r\u00e9pertoires vari\u00e9s, actuels toujours en d\u00e9fendant une \u00e2me profond\u00e9ment gospel, dans le partage et la joie.<\/p>\n","protected":false},"excerpt":{"rendered":"<p>Kim Dee (12 choristes) Pop, soul, gospel Choralissime est une nouvelle chorale Romainvilloise port\u00e9e par Kim Dee. Nous chantons un r\u00e9pertoire vari\u00e9 multilingue (anglais, fran\u00e7ais, espagnol, portugais) alternant des morceaux a capella et d&rsquo;autres accompagn\u00e9s d&rsquo;une bande. Nous voyageons dans diff\u00e9rentes contr\u00e9es, reprenant des r\u00e9pertoires vari\u00e9s, actuels toujours en d\u00e9fendant une \u00e2me profond\u00e9ment gospel, dans &hellip; <a href=\"https:\/\/www.montreuilsousvoix.fr\/index.php\/chorales\/choralissime\/\" class=\"more-link\">Continuer la lecture de <span class=\"screen-reader-text\">CHORALISSIME<\/span><\/a><\/p>\n","protected":false},"author":3,"featured_media":0,"parent":107,"menu_order":1,"comment_status":"closed","ping_status":"closed","template":"","meta":{"ngg_post_thumbnail":0,"footnotes":""},"class_list":["post-725","page","type-page","status-publish","hentry"],"aioseo_notices":[],"_links":{"self":[{"href":"https:\/\/www.montreuilsousvoix.fr\/index.php\/wp-json\/wp\/v2\/pages\/725","targetHints":{"allow":["GET"]}}],"collection":[{"href":"https:\/\/www.montreuilsousvoix.fr\/index.php\/wp-json\/wp\/v2\/pages"}],"about":[{"href":"https:\/\/www.montreuilsousvoix.fr\/index.php\/wp-json\/wp\/v2\/types\/page"}],"author":[{"embeddable":true,"href":"https:\/\/www.montreuilsousvoix.fr\/index.php\/wp-json\/wp\/v2\/users\/3"}],"replies":[{"embeddable":true,"href":"https:\/\/www.montreuilsousvoix.fr\/index.php\/wp-json\/wp\/v2\/comments?post=725"}],"version-history":[{"count":1,"href":"https:\/\/www.montreuilsousvoix.fr\/index.php\/wp-json\/wp\/v2\/pages\/725\/revisions"}],"predecessor-version":[{"id":726,"href":"https:\/\/www.montreuilsousvoix.fr\/index.php\/wp-json\/wp\/v2\/pages\/725\/revisions\/726"}],"up":[{"embeddable":true,"href":"https:\/\/www.montreuilsousvoix.fr\/index.php\/wp-json\/wp\/v2\/pages\/107"}],"wp:attachment":[{"href":"https:\/\/www.montreuilsousvoix.fr\/index.php\/wp-json\/wp\/v2\/media?parent=725"}],"curies":[{"name":"wp","href":"https:\/\/api.w.org\/{rel}","templated":true}]}}