{"id":729,"date":"2026-04-03T16:52:10","date_gmt":"2026-04-03T16:52:10","guid":{"rendered":"https:\/\/www.montreuilsousvoix.fr\/?page_id=729"},"modified":"2026-04-03T16:52:10","modified_gmt":"2026-04-03T16:52:10","slug":"elhane-bladi","status":"publish","type":"page","link":"https:\/\/www.montreuilsousvoix.fr\/index.php\/chorales\/elhane-bladi\/","title":{"rendered":"ELHANE BLADI"},"content":{"rendered":"<p><strong>Chorale horizontale<\/strong> (10 \u00e0 12 choristes)<br \/>\n<strong>Chants arabes et berb\u00e8res engag\u00e9s<\/strong><\/p>\n<p>On s\u2019est produit \u00e0 la Parole errante, dans les bals de l\u2019AERi o\u00f9 ont lieu les r\u00e9p\u00e9titions.<br \/>\nOn a chant\u00e9 plusieurs fois au Faitout.<br \/>\nEt on participe a l\u2019inter chorale des ch\u0153urs des V\u00e9neres dont certain.es de nos choristes sont membres .<\/p>\n<p>&nbsp;<\/p>\n","protected":false},"excerpt":{"rendered":"<p>Chorale horizontale (10 \u00e0 12 choristes) Chants arabes et berb\u00e8res engag\u00e9s On s\u2019est produit \u00e0 la Parole errante, dans les bals de l\u2019AERi o\u00f9 ont lieu les r\u00e9p\u00e9titions. On a chant\u00e9 plusieurs fois au Faitout. Et on participe a l\u2019inter chorale des ch\u0153urs des V\u00e9neres dont certain.es de nos choristes sont membres . &nbsp;<\/p>\n","protected":false},"author":3,"featured_media":0,"parent":107,"menu_order":1,"comment_status":"closed","ping_status":"closed","template":"","meta":{"ngg_post_thumbnail":0,"footnotes":""},"class_list":["post-729","page","type-page","status-publish","hentry"],"aioseo_notices":[],"_links":{"self":[{"href":"https:\/\/www.montreuilsousvoix.fr\/index.php\/wp-json\/wp\/v2\/pages\/729","targetHints":{"allow":["GET"]}}],"collection":[{"href":"https:\/\/www.montreuilsousvoix.fr\/index.php\/wp-json\/wp\/v2\/pages"}],"about":[{"href":"https:\/\/www.montreuilsousvoix.fr\/index.php\/wp-json\/wp\/v2\/types\/page"}],"author":[{"embeddable":true,"href":"https:\/\/www.montreuilsousvoix.fr\/index.php\/wp-json\/wp\/v2\/users\/3"}],"replies":[{"embeddable":true,"href":"https:\/\/www.montreuilsousvoix.fr\/index.php\/wp-json\/wp\/v2\/comments?post=729"}],"version-history":[{"count":1,"href":"https:\/\/www.montreuilsousvoix.fr\/index.php\/wp-json\/wp\/v2\/pages\/729\/revisions"}],"predecessor-version":[{"id":730,"href":"https:\/\/www.montreuilsousvoix.fr\/index.php\/wp-json\/wp\/v2\/pages\/729\/revisions\/730"}],"up":[{"embeddable":true,"href":"https:\/\/www.montreuilsousvoix.fr\/index.php\/wp-json\/wp\/v2\/pages\/107"}],"wp:attachment":[{"href":"https:\/\/www.montreuilsousvoix.fr\/index.php\/wp-json\/wp\/v2\/media?parent=729"}],"curies":[{"name":"wp","href":"https:\/\/api.w.org\/{rel}","templated":true}]}}