{"id":742,"date":"2026-04-03T17:02:05","date_gmt":"2026-04-03T17:02:05","guid":{"rendered":"https:\/\/www.montreuilsousvoix.fr\/?page_id=742"},"modified":"2026-04-03T17:02:47","modified_gmt":"2026-04-03T17:02:47","slug":"equivox","status":"publish","type":"page","link":"https:\/\/www.montreuilsousvoix.fr\/index.php\/chorales\/equivox\/","title":{"rendered":"EQUIVOX"},"content":{"rendered":"<p><strong>Mariette Girard<\/strong> (50-60 choristes)<br \/>\n<strong>Pop, classique, \u00e9clectique<\/strong><\/p>\n<p><strong>Equivox est la chorale LGBTQIA + de Paris depuis 1989.<\/strong><br \/>\n<img loading=\"lazy\" decoding=\"async\" class=\" wp-image-744 alignright\" src=\"https:\/\/www.montreuilsousvoix.fr\/wp-content\/uploads\/2026\/04\/Equivox-photo-300x200.jpg\" alt=\"\" width=\"377\" height=\"251\" srcset=\"https:\/\/www.montreuilsousvoix.fr\/wp-content\/uploads\/2026\/04\/Equivox-photo-300x200.jpg 300w, https:\/\/www.montreuilsousvoix.fr\/wp-content\/uploads\/2026\/04\/Equivox-photo-768x512.jpg 768w, https:\/\/www.montreuilsousvoix.fr\/wp-content\/uploads\/2026\/04\/Equivox-photo.jpg 945w\" sizes=\"auto, (max-width: 377px) 100vw, 377px\" \/>Ce sont 80 choristes qui chantent de tout\u2026 R\u00e9pertoire classique et contemporain \u2013 Op\u00e9rette \u2013 Op\u00e9ra \u2013 Vari\u00e9t\u00e9 (arrangements et compositions) \u2013 Pop.<br \/>\nCertains morceaux s\u2019accompagnent de chor\u00e9graphies originales imagin\u00e9es, mises en sc\u00e8ne, et conduites par un groupe de choristes.<br \/>\nElles apportent une touche d\u2019originalit\u00e9, de gaiet\u00e9 et de folie enthousiaste aux concerts !<br \/>\nLa mixit\u00e9 qui existe au sein d\u2019Equivox contribue \u00e0 faire du ch\u0153ur un espace de convivialit\u00e9 chaleureux, autour d\u2019un r\u00e9pertoire \u00e9clectique \u00e9pic\u00e9 d\u2019enthousiasmantes chor\u00e9graphies !<\/p>\n<p><a href=\"https:\/\/www.equivox.fr\/new\/\" target=\"_blank\" rel=\"noopener\">https:\/\/www.equivox.fr\/new\/<\/a><\/p>\n<p><img loading=\"lazy\" decoding=\"async\" class=\"wp-image-745 aligncenter\" src=\"https:\/\/www.montreuilsousvoix.fr\/wp-content\/uploads\/2026\/04\/Equivox-logo-300x121.jpg\" alt=\"\" width=\"263\" height=\"106\" srcset=\"https:\/\/www.montreuilsousvoix.fr\/wp-content\/uploads\/2026\/04\/Equivox-logo-300x121.jpg 300w, https:\/\/www.montreuilsousvoix.fr\/wp-content\/uploads\/2026\/04\/Equivox-logo-1024x414.jpg 1024w, https:\/\/www.montreuilsousvoix.fr\/wp-content\/uploads\/2026\/04\/Equivox-logo-768x310.jpg 768w, https:\/\/www.montreuilsousvoix.fr\/wp-content\/uploads\/2026\/04\/Equivox-logo.jpg 1262w\" sizes=\"auto, (max-width: 263px) 100vw, 263px\" \/><\/p>\n","protected":false},"excerpt":{"rendered":"<p>Mariette Girard (50-60 choristes) Pop, classique, \u00e9clectique Equivox est la chorale LGBTQIA + de Paris depuis 1989. Ce sont 80 choristes qui chantent de tout\u2026 R\u00e9pertoire classique et contemporain \u2013 Op\u00e9rette \u2013 Op\u00e9ra \u2013 Vari\u00e9t\u00e9 (arrangements et compositions) \u2013 Pop. Certains morceaux s\u2019accompagnent de chor\u00e9graphies originales imagin\u00e9es, mises en sc\u00e8ne, et conduites par un groupe &hellip; <a href=\"https:\/\/www.montreuilsousvoix.fr\/index.php\/chorales\/equivox\/\" class=\"more-link\">Continuer la lecture de <span class=\"screen-reader-text\">EQUIVOX<\/span><\/a><\/p>\n","protected":false},"author":3,"featured_media":0,"parent":107,"menu_order":1,"comment_status":"closed","ping_status":"closed","template":"","meta":{"ngg_post_thumbnail":0,"footnotes":""},"class_list":["post-742","page","type-page","status-publish","hentry"],"aioseo_notices":[],"_links":{"self":[{"href":"https:\/\/www.montreuilsousvoix.fr\/index.php\/wp-json\/wp\/v2\/pages\/742","targetHints":{"allow":["GET"]}}],"collection":[{"href":"https:\/\/www.montreuilsousvoix.fr\/index.php\/wp-json\/wp\/v2\/pages"}],"about":[{"href":"https:\/\/www.montreuilsousvoix.fr\/index.php\/wp-json\/wp\/v2\/types\/page"}],"author":[{"embeddable":true,"href":"https:\/\/www.montreuilsousvoix.fr\/index.php\/wp-json\/wp\/v2\/users\/3"}],"replies":[{"embeddable":true,"href":"https:\/\/www.montreuilsousvoix.fr\/index.php\/wp-json\/wp\/v2\/comments?post=742"}],"version-history":[{"count":4,"href":"https:\/\/www.montreuilsousvoix.fr\/index.php\/wp-json\/wp\/v2\/pages\/742\/revisions"}],"predecessor-version":[{"id":748,"href":"https:\/\/www.montreuilsousvoix.fr\/index.php\/wp-json\/wp\/v2\/pages\/742\/revisions\/748"}],"up":[{"embeddable":true,"href":"https:\/\/www.montreuilsousvoix.fr\/index.php\/wp-json\/wp\/v2\/pages\/107"}],"wp:attachment":[{"href":"https:\/\/www.montreuilsousvoix.fr\/index.php\/wp-json\/wp\/v2\/media?parent=742"}],"curies":[{"name":"wp","href":"https:\/\/api.w.org\/{rel}","templated":true}]}}