{"id":756,"date":"2026-04-03T17:27:06","date_gmt":"2026-04-03T17:27:06","guid":{"rendered":"https:\/\/www.montreuilsousvoix.fr\/?page_id=756"},"modified":"2026-04-06T13:32:18","modified_gmt":"2026-04-06T13:32:18","slug":"lecho-raleur","status":"publish","type":"page","link":"https:\/\/www.montreuilsousvoix.fr\/index.php\/chorales\/lecho-raleur\/","title":{"rendered":"L&rsquo;ECHO R\u00c2LEUR"},"content":{"rendered":"<p><strong>Jean-Philippe Guibert<\/strong> (45\u00e0 50 choristes)<br \/>\n<strong>Chorale Rock A Cappella<\/strong><\/p>\n<p><img loading=\"lazy\" decoding=\"async\" class=\"size-medium wp-image-683 alignleft\" src=\"https:\/\/www.montreuilsousvoix.fr\/wp-content\/uploads\/2026\/04\/LEchoRaleur.Photo_-300x300.jpg\" alt=\"\" width=\"300\" height=\"300\" srcset=\"https:\/\/www.montreuilsousvoix.fr\/wp-content\/uploads\/2026\/04\/LEchoRaleur.Photo_-300x300.jpg 300w, https:\/\/www.montreuilsousvoix.fr\/wp-content\/uploads\/2026\/04\/LEchoRaleur.Photo_-150x150.jpg 150w, https:\/\/www.montreuilsousvoix.fr\/wp-content\/uploads\/2026\/04\/LEchoRaleur.Photo_-768x768.jpg 768w, https:\/\/www.montreuilsousvoix.fr\/wp-content\/uploads\/2026\/04\/LEchoRaleur.Photo_.jpg 800w\" sizes=\"auto, (max-width: 300px) 100vw, 300px\" \/>Rock&rsquo;n Chorale A Cappella, compos\u00e9e de 4 pupitres, costumes originaux et culott\u00e9s, chor\u00e9graphies d\u00e9jant\u00e9es, r\u00e9pertoire Rock anglais et fran\u00e7ais, et cr\u00e9ations originales.<\/p>\n<p>&nbsp;<\/p>\n<p><a href=\"http:\/\/www.lechoraleur.paris\/\" target=\"_blank\" rel=\"noopener\">http:\/\/www.lechoraleur.paris\/<\/a><\/p>\n<p>&nbsp;<\/p>\n<p><img loading=\"lazy\" decoding=\"async\" class=\" wp-image-757 aligncenter\" src=\"https:\/\/www.montreuilsousvoix.fr\/wp-content\/uploads\/2026\/04\/LEchoRaleur-Logo-300x289.png\" alt=\"\" width=\"104\" height=\"101\" srcset=\"https:\/\/www.montreuilsousvoix.fr\/wp-content\/uploads\/2026\/04\/LEchoRaleur-Logo-300x289.png 300w, https:\/\/www.montreuilsousvoix.fr\/wp-content\/uploads\/2026\/04\/LEchoRaleur-Logo.png 416w\" sizes=\"auto, (max-width: 104px) 100vw, 104px\" \/><\/p>\n","protected":false},"excerpt":{"rendered":"<p>Jean-Philippe Guibert (45\u00e0 50 choristes) Chorale Rock A Cappella Rock&rsquo;n Chorale A Cappella, compos\u00e9e de 4 pupitres, costumes originaux et culott\u00e9s, chor\u00e9graphies d\u00e9jant\u00e9es, r\u00e9pertoire Rock anglais et fran\u00e7ais, et cr\u00e9ations originales. &nbsp; http:\/\/www.lechoraleur.paris\/ &nbsp;<\/p>\n","protected":false},"author":3,"featured_media":0,"parent":107,"menu_order":1,"comment_status":"closed","ping_status":"closed","template":"","meta":{"ngg_post_thumbnail":0,"footnotes":""},"class_list":["post-756","page","type-page","status-publish","hentry"],"aioseo_notices":[],"_links":{"self":[{"href":"https:\/\/www.montreuilsousvoix.fr\/index.php\/wp-json\/wp\/v2\/pages\/756","targetHints":{"allow":["GET"]}}],"collection":[{"href":"https:\/\/www.montreuilsousvoix.fr\/index.php\/wp-json\/wp\/v2\/pages"}],"about":[{"href":"https:\/\/www.montreuilsousvoix.fr\/index.php\/wp-json\/wp\/v2\/types\/page"}],"author":[{"embeddable":true,"href":"https:\/\/www.montreuilsousvoix.fr\/index.php\/wp-json\/wp\/v2\/users\/3"}],"replies":[{"embeddable":true,"href":"https:\/\/www.montreuilsousvoix.fr\/index.php\/wp-json\/wp\/v2\/comments?post=756"}],"version-history":[{"count":2,"href":"https:\/\/www.montreuilsousvoix.fr\/index.php\/wp-json\/wp\/v2\/pages\/756\/revisions"}],"predecessor-version":[{"id":790,"href":"https:\/\/www.montreuilsousvoix.fr\/index.php\/wp-json\/wp\/v2\/pages\/756\/revisions\/790"}],"up":[{"embeddable":true,"href":"https:\/\/www.montreuilsousvoix.fr\/index.php\/wp-json\/wp\/v2\/pages\/107"}],"wp:attachment":[{"href":"https:\/\/www.montreuilsousvoix.fr\/index.php\/wp-json\/wp\/v2\/media?parent=756"}],"curies":[{"name":"wp","href":"https:\/\/api.w.org\/{rel}","templated":true}]}}