{"id":771,"date":"2026-04-04T14:58:44","date_gmt":"2026-04-04T14:58:44","guid":{"rendered":"https:\/\/www.montreuilsousvoix.fr\/?page_id=771"},"modified":"2026-04-04T15:03:45","modified_gmt":"2026-04-04T15:03:45","slug":"les-jacqueline","status":"publish","type":"page","link":"https:\/\/www.montreuilsousvoix.fr\/index.php\/chorales\/les-jacqueline\/","title":{"rendered":"LES JACQUELINE"},"content":{"rendered":"<p><strong>Myriam<\/strong> (une dizaine de choristes)<br \/>\n<strong>Chansons fran\u00e7aises et internationales, chansons pop et rock<\/strong><\/p>\n<p><img loading=\"lazy\" decoding=\"async\" class=\" wp-image-702 alignright\" src=\"https:\/\/www.montreuilsousvoix.fr\/wp-content\/uploads\/2026\/04\/LesJacqueline-photo-300x200.jpg\" alt=\"\" width=\"309\" height=\"206\" srcset=\"https:\/\/www.montreuilsousvoix.fr\/wp-content\/uploads\/2026\/04\/LesJacqueline-photo-300x200.jpg 300w, https:\/\/www.montreuilsousvoix.fr\/wp-content\/uploads\/2026\/04\/LesJacqueline-photo-1024x683.jpg 1024w, https:\/\/www.montreuilsousvoix.fr\/wp-content\/uploads\/2026\/04\/LesJacqueline-photo-768x512.jpg 768w, https:\/\/www.montreuilsousvoix.fr\/wp-content\/uploads\/2026\/04\/LesJacqueline-photo-1536x1024.jpg 1536w, https:\/\/www.montreuilsousvoix.fr\/wp-content\/uploads\/2026\/04\/LesJacqueline-photo.jpg 2048w\" sizes=\"auto, (max-width: 309px) 100vw, 309px\" \/>Nous sommes <strong>Les Jacqueline<\/strong>, une chorale f\u00e9minine et collaborative compos\u00e9e de choristes aux personnalit\u00e9s tr\u00e8s diff\u00e9rentes et toutes mises en valeur. Avec nos reprises \u00e9clectiques et originales et avec notre bonne humeur, on chante et on partage notre joie d\u2019\u00eatre ensemble !<\/p>\n<p><a href=\"https:\/\/www.instagram.com\/les.jacqueline.choeur\/\" target=\"_blank\" rel=\"noopener\">Page Instagram Les Jacquelines<\/a><\/p>\n<p><img loading=\"lazy\" decoding=\"async\" class=\" wp-image-703 aligncenter\" src=\"https:\/\/www.montreuilsousvoix.fr\/wp-content\/uploads\/2026\/04\/LesJacqueline-logo-300x300.png\" alt=\"\" width=\"91\" height=\"91\" srcset=\"https:\/\/www.montreuilsousvoix.fr\/wp-content\/uploads\/2026\/04\/LesJacqueline-logo-300x300.png 300w, https:\/\/www.montreuilsousvoix.fr\/wp-content\/uploads\/2026\/04\/LesJacqueline-logo-150x150.png 150w, https:\/\/www.montreuilsousvoix.fr\/wp-content\/uploads\/2026\/04\/LesJacqueline-logo-768x767.png 768w, https:\/\/www.montreuilsousvoix.fr\/wp-content\/uploads\/2026\/04\/LesJacqueline-logo.png 960w\" sizes=\"auto, (max-width: 91px) 100vw, 91px\" \/><\/p>\n","protected":false},"excerpt":{"rendered":"<p>Myriam (une dizaine de choristes) Chansons fran\u00e7aises et internationales, chansons pop et rock Nous sommes Les Jacqueline, une chorale f\u00e9minine et collaborative compos\u00e9e de choristes aux personnalit\u00e9s tr\u00e8s diff\u00e9rentes et toutes mises en valeur. Avec nos reprises \u00e9clectiques et originales et avec notre bonne humeur, on chante et on partage notre joie d\u2019\u00eatre ensemble ! &hellip; <a href=\"https:\/\/www.montreuilsousvoix.fr\/index.php\/chorales\/les-jacqueline\/\" class=\"more-link\">Continuer la lecture de <span class=\"screen-reader-text\">LES JACQUELINE<\/span><\/a><\/p>\n","protected":false},"author":3,"featured_media":0,"parent":107,"menu_order":1,"comment_status":"closed","ping_status":"closed","template":"","meta":{"ngg_post_thumbnail":0,"footnotes":""},"class_list":["post-771","page","type-page","status-publish","hentry"],"aioseo_notices":[],"_links":{"self":[{"href":"https:\/\/www.montreuilsousvoix.fr\/index.php\/wp-json\/wp\/v2\/pages\/771","targetHints":{"allow":["GET"]}}],"collection":[{"href":"https:\/\/www.montreuilsousvoix.fr\/index.php\/wp-json\/wp\/v2\/pages"}],"about":[{"href":"https:\/\/www.montreuilsousvoix.fr\/index.php\/wp-json\/wp\/v2\/types\/page"}],"author":[{"embeddable":true,"href":"https:\/\/www.montreuilsousvoix.fr\/index.php\/wp-json\/wp\/v2\/users\/3"}],"replies":[{"embeddable":true,"href":"https:\/\/www.montreuilsousvoix.fr\/index.php\/wp-json\/wp\/v2\/comments?post=771"}],"version-history":[{"count":1,"href":"https:\/\/www.montreuilsousvoix.fr\/index.php\/wp-json\/wp\/v2\/pages\/771\/revisions"}],"predecessor-version":[{"id":772,"href":"https:\/\/www.montreuilsousvoix.fr\/index.php\/wp-json\/wp\/v2\/pages\/771\/revisions\/772"}],"up":[{"embeddable":true,"href":"https:\/\/www.montreuilsousvoix.fr\/index.php\/wp-json\/wp\/v2\/pages\/107"}],"wp:attachment":[{"href":"https:\/\/www.montreuilsousvoix.fr\/index.php\/wp-json\/wp\/v2\/media?parent=771"}],"curies":[{"name":"wp","href":"https:\/\/api.w.org\/{rel}","templated":true}]}}