{"id":774,"date":"2026-04-04T15:03:25","date_gmt":"2026-04-04T15:03:25","guid":{"rendered":"https:\/\/www.montreuilsousvoix.fr\/?page_id=774"},"modified":"2026-04-04T15:03:25","modified_gmt":"2026-04-04T15:03:25","slug":"les-trouble-fetes","status":"publish","type":"page","link":"https:\/\/www.montreuilsousvoix.fr\/index.php\/chorales\/les-trouble-fetes\/","title":{"rendered":"LES TROUBLE-F\u00caTES"},"content":{"rendered":"<p>Pas de chef.fe de choeur, entre 15 et 20 personnes<br \/>\n<strong>Notre r\u00e9pertoire est constitu\u00e9 de chants militant essentiellement<\/strong><\/p>\n<p>Nous sommes une chorale f\u00e9ministe et queer, en non mixit\u00e9 choisie. Nous sommes li\u00e9.es \u00e0 La maison des femmes Th\u00e9r\u00e8se Clerc, qui nous accueille depuis plus d&rsquo;un an dans ses locaux pour nous permettre d&rsquo;avoir un lieu de r\u00e9p\u00e9tions. Nous n&rsquo;avons pas de chef.fe de choeur car nous souhaitons maintenir une organisation en autogestion. La chorale reste ouverte et toutes les voix sont les bienvenues!<\/p>\n","protected":false},"excerpt":{"rendered":"<p>Pas de chef.fe de choeur, entre 15 et 20 personnes Notre r\u00e9pertoire est constitu\u00e9 de chants militant essentiellement Nous sommes une chorale f\u00e9ministe et queer, en non mixit\u00e9 choisie. Nous sommes li\u00e9.es \u00e0 La maison des femmes Th\u00e9r\u00e8se Clerc, qui nous accueille depuis plus d&rsquo;un an dans ses locaux pour nous permettre d&rsquo;avoir un lieu &hellip; <a href=\"https:\/\/www.montreuilsousvoix.fr\/index.php\/chorales\/les-trouble-fetes\/\" class=\"more-link\">Continuer la lecture de <span class=\"screen-reader-text\">LES TROUBLE-F\u00caTES<\/span><\/a><\/p>\n","protected":false},"author":3,"featured_media":0,"parent":107,"menu_order":1,"comment_status":"closed","ping_status":"closed","template":"","meta":{"ngg_post_thumbnail":0,"footnotes":""},"class_list":["post-774","page","type-page","status-publish","hentry"],"aioseo_notices":[],"_links":{"self":[{"href":"https:\/\/www.montreuilsousvoix.fr\/index.php\/wp-json\/wp\/v2\/pages\/774","targetHints":{"allow":["GET"]}}],"collection":[{"href":"https:\/\/www.montreuilsousvoix.fr\/index.php\/wp-json\/wp\/v2\/pages"}],"about":[{"href":"https:\/\/www.montreuilsousvoix.fr\/index.php\/wp-json\/wp\/v2\/types\/page"}],"author":[{"embeddable":true,"href":"https:\/\/www.montreuilsousvoix.fr\/index.php\/wp-json\/wp\/v2\/users\/3"}],"replies":[{"embeddable":true,"href":"https:\/\/www.montreuilsousvoix.fr\/index.php\/wp-json\/wp\/v2\/comments?post=774"}],"version-history":[{"count":1,"href":"https:\/\/www.montreuilsousvoix.fr\/index.php\/wp-json\/wp\/v2\/pages\/774\/revisions"}],"predecessor-version":[{"id":775,"href":"https:\/\/www.montreuilsousvoix.fr\/index.php\/wp-json\/wp\/v2\/pages\/774\/revisions\/775"}],"up":[{"embeddable":true,"href":"https:\/\/www.montreuilsousvoix.fr\/index.php\/wp-json\/wp\/v2\/pages\/107"}],"wp:attachment":[{"href":"https:\/\/www.montreuilsousvoix.fr\/index.php\/wp-json\/wp\/v2\/media?parent=774"}],"curies":[{"name":"wp","href":"https:\/\/api.w.org\/{rel}","templated":true}]}}