{"id":779,"date":"2026-04-04T15:22:43","date_gmt":"2026-04-04T15:22:43","guid":{"rendered":"https:\/\/www.montreuilsousvoix.fr\/?page_id=779"},"modified":"2026-04-04T15:23:30","modified_gmt":"2026-04-04T15:23:30","slug":"pot-pour-rire","status":"publish","type":"page","link":"https:\/\/www.montreuilsousvoix.fr\/index.php\/chorales\/pot-pour-rire\/","title":{"rendered":"POT POUR RIRE"},"content":{"rendered":"<p><strong>Marion Loraill\u00e8re<\/strong> (12 choristes)<br \/>\n<strong>Chansons chor\u00e9graphi\u00e9es<\/strong><\/p>\n<p><img loading=\"lazy\" decoding=\"async\" class=\" wp-image-781 alignright\" src=\"https:\/\/www.montreuilsousvoix.fr\/wp-content\/uploads\/2026\/04\/PotPourRire-photo-300x161.jpg\" alt=\"\" width=\"345\" height=\"185\" srcset=\"https:\/\/www.montreuilsousvoix.fr\/wp-content\/uploads\/2026\/04\/PotPourRire-photo-300x161.jpg 300w, https:\/\/www.montreuilsousvoix.fr\/wp-content\/uploads\/2026\/04\/PotPourRire-photo-1024x550.jpg 1024w, https:\/\/www.montreuilsousvoix.fr\/wp-content\/uploads\/2026\/04\/PotPourRire-photo-768x412.jpg 768w, https:\/\/www.montreuilsousvoix.fr\/wp-content\/uploads\/2026\/04\/PotPourRire-photo-1536x824.jpg 1536w, https:\/\/www.montreuilsousvoix.fr\/wp-content\/uploads\/2026\/04\/PotPourRire-photo.jpg 2048w\" sizes=\"auto, (max-width: 345px) 100vw, 345px\" \/> Un groupe ? Une chorale ? Des chansonniers ? Une troupe de com\u00e9die musicale ? <strong>Pot Pour Rire<\/strong> est un peu tout cela \u00e0 la fois. Leurs chants d\u00e9fient les fronti\u00e8res. Ils jonglent avec les langues, dansent avec les rythmes et apprivoisent flutiaux, violons et tromblons.<\/p>\n<p><a href=\"https:\/\/www.facebook.com\/potpourrire\" target=\"_blank\" rel=\"noopener\">Page Facebook Pot Pour Rire<\/a><\/p>\n<p><img loading=\"lazy\" decoding=\"async\" class=\" wp-image-782 aligncenter\" src=\"https:\/\/www.montreuilsousvoix.fr\/wp-content\/uploads\/2026\/04\/PotPourRire-logo-300x300.jpg\" alt=\"\" width=\"106\" height=\"106\" srcset=\"https:\/\/www.montreuilsousvoix.fr\/wp-content\/uploads\/2026\/04\/PotPourRire-logo-300x300.jpg 300w, https:\/\/www.montreuilsousvoix.fr\/wp-content\/uploads\/2026\/04\/PotPourRire-logo-150x150.jpg 150w, https:\/\/www.montreuilsousvoix.fr\/wp-content\/uploads\/2026\/04\/PotPourRire-logo.jpg 768w\" sizes=\"auto, (max-width: 106px) 100vw, 106px\" \/><\/p>\n","protected":false},"excerpt":{"rendered":"<p>Marion Loraill\u00e8re (12 choristes) Chansons chor\u00e9graphi\u00e9es Un groupe ? Une chorale ? Des chansonniers ? Une troupe de com\u00e9die musicale ? Pot Pour Rire est un peu tout cela \u00e0 la fois. Leurs chants d\u00e9fient les fronti\u00e8res. Ils jonglent avec les langues, dansent avec les rythmes et apprivoisent flutiaux, violons et tromblons. Page Facebook Pot &hellip; <a href=\"https:\/\/www.montreuilsousvoix.fr\/index.php\/chorales\/pot-pour-rire\/\" class=\"more-link\">Continuer la lecture de <span class=\"screen-reader-text\">POT POUR RIRE<\/span><\/a><\/p>\n","protected":false},"author":3,"featured_media":0,"parent":107,"menu_order":1,"comment_status":"closed","ping_status":"closed","template":"","meta":{"ngg_post_thumbnail":0,"footnotes":""},"class_list":["post-779","page","type-page","status-publish","hentry"],"aioseo_notices":[],"_links":{"self":[{"href":"https:\/\/www.montreuilsousvoix.fr\/index.php\/wp-json\/wp\/v2\/pages\/779","targetHints":{"allow":["GET"]}}],"collection":[{"href":"https:\/\/www.montreuilsousvoix.fr\/index.php\/wp-json\/wp\/v2\/pages"}],"about":[{"href":"https:\/\/www.montreuilsousvoix.fr\/index.php\/wp-json\/wp\/v2\/types\/page"}],"author":[{"embeddable":true,"href":"https:\/\/www.montreuilsousvoix.fr\/index.php\/wp-json\/wp\/v2\/users\/3"}],"replies":[{"embeddable":true,"href":"https:\/\/www.montreuilsousvoix.fr\/index.php\/wp-json\/wp\/v2\/comments?post=779"}],"version-history":[{"count":4,"href":"https:\/\/www.montreuilsousvoix.fr\/index.php\/wp-json\/wp\/v2\/pages\/779\/revisions"}],"predecessor-version":[{"id":785,"href":"https:\/\/www.montreuilsousvoix.fr\/index.php\/wp-json\/wp\/v2\/pages\/779\/revisions\/785"}],"up":[{"embeddable":true,"href":"https:\/\/www.montreuilsousvoix.fr\/index.php\/wp-json\/wp\/v2\/pages\/107"}],"wp:attachment":[{"href":"https:\/\/www.montreuilsousvoix.fr\/index.php\/wp-json\/wp\/v2\/media?parent=779"}],"curies":[{"name":"wp","href":"https:\/\/api.w.org\/{rel}","templated":true}]}}